{"id":117,"date":"2018-01-23T12:50:08","date_gmt":"2018-01-23T14:50:08","guid":{"rendered":"https:\/\/noiteliteral.com.br\/sebo\/?post_type=product&#038;p=117"},"modified":"2018-01-23T12:50:08","modified_gmt":"2018-01-23T14:50:08","slug":"antigo-estojo-de-cartas","status":"publish","type":"product","link":"https:\/\/noiteliteral.com.br\/sebo\/produto\/antigo-estojo-de-cartas\/","title":{"rendered":"Antigo Estojo de Cartas."},"content":{"rendered":"<p>Este antigo estojo em cedro possui uma linda tampa com acabamento em madrep\u00e9rola. Estimasse que o item seja da d\u00e9cada de 60. O conjunto possui a tampa, o bloco de anota\u00e7\u00f5es ainda original, e um velho baralho. Dimens\u00f5es: 17cm x 12,5cm x6,5cm.<\/p>\n<p>\u00c9 tudo que voc\u00ea quer para abrilhantar os seus encontros para carteado com os amigos.<\/p>\n","protected":false},"excerpt":{"rendered":"<p>Este antigo estojo em cedro possui uma linda tampa com acabamento em madrep\u00e9rola. Estimasse que o item seja da d\u00e9cada de 60. O conjunto possui a tampa, o bloco de anota\u00e7\u00f5es ainda original, e um velho baralho. Dimens\u00f5es: 17cm x 12,5cm x6,5cm.<\/p>\n<p>\u00c9 tudo que voc\u00ea quer para abrilhantar os seus encontros para carteado com os amigos.<\/p>\n","protected":false},"featured_media":118,"comment_status":"open","ping_status":"closed","template":"","meta":[],"product_cat":[48],"product_tag":[56,51,55,52,54,53],"class_list":{"0":"post-117","1":"product","2":"type-product","3":"status-publish","4":"has-post-thumbnail","6":"product_cat-souvenir","7":"product_tag-compre","8":"product_tag-estojo-antigo-de-baralho","9":"product_tag-fernando-fortuna","10":"product_tag-madreperola","11":"product_tag-noite-literal","12":"product_tag-sebo-literal","14":"first","15":"instock","16":"sale","17":"shipping-taxable","18":"purchasable","19":"product-type-simple"},"_links":{"self":[{"href":"https:\/\/noiteliteral.com.br\/sebo\/wp-json\/wp\/v2\/product\/117","targetHints":{"allow":["GET"]}}],"collection":[{"href":"https:\/\/noiteliteral.com.br\/sebo\/wp-json\/wp\/v2\/product"}],"about":[{"href":"https:\/\/noiteliteral.com.br\/sebo\/wp-json\/wp\/v2\/types\/product"}],"replies":[{"embeddable":true,"href":"https:\/\/noiteliteral.com.br\/sebo\/wp-json\/wp\/v2\/comments?post=117"}],"wp:featuredmedia":[{"embeddable":true,"href":"https:\/\/noiteliteral.com.br\/sebo\/wp-json\/wp\/v2\/media\/118"}],"wp:attachment":[{"href":"https:\/\/noiteliteral.com.br\/sebo\/wp-json\/wp\/v2\/media?parent=117"}],"wp:term":[{"taxonomy":"product_cat","embeddable":true,"href":"https:\/\/noiteliteral.com.br\/sebo\/wp-json\/wp\/v2\/product_cat?post=117"},{"taxonomy":"product_tag","embeddable":true,"href":"https:\/\/noiteliteral.com.br\/sebo\/wp-json\/wp\/v2\/product_tag?post=117"}],"curies":[{"name":"wp","href":"https:\/\/api.w.org\/{rel}","templated":true}]}}