{"id":121,"date":"2018-01-23T13:14:43","date_gmt":"2018-01-23T15:14:43","guid":{"rendered":"https:\/\/noiteliteral.com.br\/sebo\/?post_type=product&#038;p=121"},"modified":"2018-01-23T13:14:43","modified_gmt":"2018-01-23T15:14:43","slug":"domino-antigo-em-pedra-sabao","status":"publish","type":"product","link":"https:\/\/noiteliteral.com.br\/sebo\/produto\/domino-antigo-em-pedra-sabao\/","title":{"rendered":"Domin\u00f3 antigo em Pedra Sab\u00e3o"},"content":{"rendered":"<p>Este antigo domin\u00f3 feito em pedra sab\u00e3o \u00e9 uma bela pe\u00e7a para colecionador. Estimasse que a pe\u00e7a seja da d\u00e9cada de 60. Dimens\u00f5es da caixinha: 13cm x 4,5cm x 3,5cm. Dimens\u00f5es das pedras de domin\u00f3: 3cm x 1,5cm x 0,4cm.<\/p>\n<p>Leve esta pe\u00e7a para sua cole\u00e7\u00e3o. Presenteie um amigo.<\/p>\n","protected":false},"excerpt":{"rendered":"<p>Este antigo domin\u00f3 feito em pedra sab\u00e3o \u00e9 uma bela pe\u00e7a para colecionador. Estimasse que a pe\u00e7a seja da d\u00e9cada de 60. Dimens\u00f5es da caixinha: 13cm x 4,5cm x 3,5cm. Dimens\u00f5es das pedras de domin\u00f3: 3cm x 1,5cm x 0,4cm.<\/p>\n<p>Leve esta pe\u00e7a para sua cole\u00e7\u00e3o. Presenteie um amigo.<\/p>\n","protected":false},"featured_media":122,"comment_status":"open","ping_status":"closed","template":"","meta":[],"product_cat":[48],"product_tag":[59,57,55,54,58,53],"class_list":{"0":"post-121","1":"product","2":"type-product","3":"status-publish","4":"has-post-thumbnail","6":"product_cat-souvenir","7":"product_tag-colecionador","8":"product_tag-domino","9":"product_tag-fernando-fortuna","10":"product_tag-noite-literal","11":"product_tag-pedra-sabao","12":"product_tag-sebo-literal","14":"first","15":"instock","16":"sale","17":"shipping-taxable","18":"purchasable","19":"product-type-simple"},"_links":{"self":[{"href":"https:\/\/noiteliteral.com.br\/sebo\/wp-json\/wp\/v2\/product\/121","targetHints":{"allow":["GET"]}}],"collection":[{"href":"https:\/\/noiteliteral.com.br\/sebo\/wp-json\/wp\/v2\/product"}],"about":[{"href":"https:\/\/noiteliteral.com.br\/sebo\/wp-json\/wp\/v2\/types\/product"}],"replies":[{"embeddable":true,"href":"https:\/\/noiteliteral.com.br\/sebo\/wp-json\/wp\/v2\/comments?post=121"}],"wp:featuredmedia":[{"embeddable":true,"href":"https:\/\/noiteliteral.com.br\/sebo\/wp-json\/wp\/v2\/media\/122"}],"wp:attachment":[{"href":"https:\/\/noiteliteral.com.br\/sebo\/wp-json\/wp\/v2\/media?parent=121"}],"wp:term":[{"taxonomy":"product_cat","embeddable":true,"href":"https:\/\/noiteliteral.com.br\/sebo\/wp-json\/wp\/v2\/product_cat?post=121"},{"taxonomy":"product_tag","embeddable":true,"href":"https:\/\/noiteliteral.com.br\/sebo\/wp-json\/wp\/v2\/product_tag?post=121"}],"curies":[{"name":"wp","href":"https:\/\/api.w.org\/{rel}","templated":true}]}}