{"id":66,"date":"2018-01-18T10:27:37","date_gmt":"2018-01-18T12:27:37","guid":{"rendered":"https:\/\/noiteliteral.com.br\/loja\/?post_type=product&#038;p=66"},"modified":"2018-01-18T10:55:55","modified_gmt":"2018-01-18T12:55:55","slug":"lp-fagner-romance-no-deserto","status":"publish","type":"product","link":"https:\/\/noiteliteral.com.br\/sebo\/produto\/lp-fagner-romance-no-deserto\/","title":{"rendered":"LP FAGNER &#8211; ROMANCE NO DESERTO"},"content":{"rendered":"<p>Vinil, encarte com letras, e capa.<\/p>\n<p>&nbsp;<\/p>\n","protected":false},"excerpt":{"rendered":"<p>LP lan\u00e7ado no ano de 1987, em excelente estado de conserva\u00e7\u00e3o, pe\u00e7a de colecionador. Possuindo todos os itens: CAPA, ENCARTE COM LETRAS E DISCO DE VINIL.<\/p>\n","protected":false},"featured_media":67,"comment_status":"open","ping_status":"closed","template":"","meta":[],"product_cat":[22],"product_tag":[26,27,23,25,24,28],"class_list":{"0":"post-66","1":"product","2":"type-product","3":"status-publish","4":"has-post-thumbnail","6":"product_cat-lp-vinil","7":"product_tag-26","8":"product_tag-disco-e-cultura","9":"product_tag-raimundo-fagner","10":"product_tag-rca-ariola","11":"product_tag-romance-no-deserto","12":"product_tag-vinil","14":"first","15":"instock","16":"sale","17":"shipping-taxable","18":"purchasable","19":"product-type-simple"},"_links":{"self":[{"href":"https:\/\/noiteliteral.com.br\/sebo\/wp-json\/wp\/v2\/product\/66","targetHints":{"allow":["GET"]}}],"collection":[{"href":"https:\/\/noiteliteral.com.br\/sebo\/wp-json\/wp\/v2\/product"}],"about":[{"href":"https:\/\/noiteliteral.com.br\/sebo\/wp-json\/wp\/v2\/types\/product"}],"replies":[{"embeddable":true,"href":"https:\/\/noiteliteral.com.br\/sebo\/wp-json\/wp\/v2\/comments?post=66"}],"wp:featuredmedia":[{"embeddable":true,"href":"https:\/\/noiteliteral.com.br\/sebo\/wp-json\/wp\/v2\/media\/67"}],"wp:attachment":[{"href":"https:\/\/noiteliteral.com.br\/sebo\/wp-json\/wp\/v2\/media?parent=66"}],"wp:term":[{"taxonomy":"product_cat","embeddable":true,"href":"https:\/\/noiteliteral.com.br\/sebo\/wp-json\/wp\/v2\/product_cat?post=66"},{"taxonomy":"product_tag","embeddable":true,"href":"https:\/\/noiteliteral.com.br\/sebo\/wp-json\/wp\/v2\/product_tag?post=66"}],"curies":[{"name":"wp","href":"https:\/\/api.w.org\/{rel}","templated":true}]}}