{"id":71,"date":"2018-01-18T10:52:07","date_gmt":"2018-01-18T12:52:07","guid":{"rendered":"https:\/\/noiteliteral.com.br\/loja\/?post_type=product&#038;p=71"},"modified":"2018-01-18T22:44:21","modified_gmt":"2018-01-19T00:44:21","slug":"lp-ultraje-a-rigor-crescendo","status":"publish","type":"product","link":"https:\/\/noiteliteral.com.br\/sebo\/produto\/lp-ultraje-a-rigor-crescendo\/","title":{"rendered":"LP ULTRAJE A RIGOR &#8211; CRESCENDO"},"content":{"rendered":"<p>Capa, encarte, e disco de vinil.<\/p>\n","protected":false},"excerpt":{"rendered":"<p>LP ultraje a Rigor, Crescendo, lan\u00e7ado em 1989. Excelente estado de conserva\u00e7\u00e3o, pe\u00e7a de colecionador. Vem com todos os itens: CAPA, ENCARTE, DISCO DE VINIL.<\/p>\n","protected":false},"featured_media":72,"comment_status":"open","ping_status":"closed","template":"","meta":[],"product_cat":[22],"product_tag":[31,27,32,30,28,29],"class_list":{"0":"post-71","1":"product","2":"type-product","3":"status-publish","4":"has-post-thumbnail","6":"product_cat-lp-vinil","7":"product_tag-31","8":"product_tag-disco-e-cultura","9":"product_tag-rock-nacional-80","10":"product_tag-ultraje-a-rigor","11":"product_tag-vinil","12":"product_tag-wea","14":"first","15":"instock","16":"sale","17":"shipping-taxable","18":"purchasable","19":"product-type-simple"},"_links":{"self":[{"href":"https:\/\/noiteliteral.com.br\/sebo\/wp-json\/wp\/v2\/product\/71","targetHints":{"allow":["GET"]}}],"collection":[{"href":"https:\/\/noiteliteral.com.br\/sebo\/wp-json\/wp\/v2\/product"}],"about":[{"href":"https:\/\/noiteliteral.com.br\/sebo\/wp-json\/wp\/v2\/types\/product"}],"replies":[{"embeddable":true,"href":"https:\/\/noiteliteral.com.br\/sebo\/wp-json\/wp\/v2\/comments?post=71"}],"wp:featuredmedia":[{"embeddable":true,"href":"https:\/\/noiteliteral.com.br\/sebo\/wp-json\/wp\/v2\/media\/72"}],"wp:attachment":[{"href":"https:\/\/noiteliteral.com.br\/sebo\/wp-json\/wp\/v2\/media?parent=71"}],"wp:term":[{"taxonomy":"product_cat","embeddable":true,"href":"https:\/\/noiteliteral.com.br\/sebo\/wp-json\/wp\/v2\/product_cat?post=71"},{"taxonomy":"product_tag","embeddable":true,"href":"https:\/\/noiteliteral.com.br\/sebo\/wp-json\/wp\/v2\/product_tag?post=71"}],"curies":[{"name":"wp","href":"https:\/\/api.w.org\/{rel}","templated":true}]}}