{"id":77,"date":"2018-01-18T11:15:52","date_gmt":"2018-01-18T13:15:52","guid":{"rendered":"https:\/\/noiteliteral.com.br\/loja\/?post_type=product&#038;p=77"},"modified":"2018-01-18T22:44:27","modified_gmt":"2018-01-19T00:44:27","slug":"lp-flash-gordom-original-sound-track-by-queen","status":"publish","type":"product","link":"https:\/\/noiteliteral.com.br\/sebo\/produto\/lp-flash-gordom-original-sound-track-by-queen\/","title":{"rendered":"LP FLASH GORDOM &#8211; ORIGINAL SOUND TRACK BY QUEEN"},"content":{"rendered":"<p>Queen, trilha original do filme Flash Gordon, lan\u00e7ado em 1980. LP e CAPA em excelente estado de conserva\u00e7\u00e3o, sem riscos. Pe\u00e7a de colecionador.<\/p>\n","protected":false},"excerpt":{"rendered":"<p>Queen, trilha original do filme Flash Gordon, lan\u00e7ado em 1980. LP e CAPA em excelente estado de conserva\u00e7\u00e3o, sem riscos. Pe\u00e7a de colecionador.<\/p>\n","protected":false},"featured_media":78,"comment_status":"open","ping_status":"closed","template":"","meta":[],"product_cat":[22],"product_tag":[37,33,27,36,35,34,38,28],"class_list":{"0":"post-77","1":"product","2":"type-product","3":"status-publish","4":"has-post-thumbnail","6":"product_cat-lp-vinil","7":"product_tag-37","8":"product_tag-classic-rock","9":"product_tag-disco-e-cultura","10":"product_tag-emi","11":"product_tag-flash-gordon","12":"product_tag-queen","13":"product_tag-trilha-sonora-do-cinema","14":"product_tag-vinil","16":"first","17":"instock","18":"sale","19":"shipping-taxable","20":"purchasable","21":"product-type-simple"},"_links":{"self":[{"href":"https:\/\/noiteliteral.com.br\/sebo\/wp-json\/wp\/v2\/product\/77","targetHints":{"allow":["GET"]}}],"collection":[{"href":"https:\/\/noiteliteral.com.br\/sebo\/wp-json\/wp\/v2\/product"}],"about":[{"href":"https:\/\/noiteliteral.com.br\/sebo\/wp-json\/wp\/v2\/types\/product"}],"replies":[{"embeddable":true,"href":"https:\/\/noiteliteral.com.br\/sebo\/wp-json\/wp\/v2\/comments?post=77"}],"wp:featuredmedia":[{"embeddable":true,"href":"https:\/\/noiteliteral.com.br\/sebo\/wp-json\/wp\/v2\/media\/78"}],"wp:attachment":[{"href":"https:\/\/noiteliteral.com.br\/sebo\/wp-json\/wp\/v2\/media?parent=77"}],"wp:term":[{"taxonomy":"product_cat","embeddable":true,"href":"https:\/\/noiteliteral.com.br\/sebo\/wp-json\/wp\/v2\/product_cat?post=77"},{"taxonomy":"product_tag","embeddable":true,"href":"https:\/\/noiteliteral.com.br\/sebo\/wp-json\/wp\/v2\/product_tag?post=77"}],"curies":[{"name":"wp","href":"https:\/\/api.w.org\/{rel}","templated":true}]}}