{"id":82,"date":"2018-01-18T11:32:45","date_gmt":"2018-01-18T13:32:45","guid":{"rendered":"https:\/\/noiteliteral.com.br\/loja\/?post_type=product&#038;p=82"},"modified":"2018-01-18T22:45:01","modified_gmt":"2018-01-19T00:45:01","slug":"lp-queen-news-of-the-world","status":"publish","type":"product","link":"https:\/\/noiteliteral.com.br\/sebo\/produto\/lp-queen-news-of-the-world\/","title":{"rendered":"LP QUEEN &#8211; NEWS OF THE WORLD"},"content":{"rendered":"<p>LP Queen, News of the World, lan\u00e7ado em 1977. Em excelente estado de conserva\u00e7\u00e3o, sem riscos, pe\u00e7a de colecionador. CAPA DUPLA MODELO POSTER, LP VINIL.<\/p>\n","protected":false},"excerpt":{"rendered":"<p>LP Queen, News of the World, lan\u00e7ado em 1977. Em excelente estado de conserva\u00e7\u00e3o, sem riscos, pe\u00e7a de colecionador. CAPA DUPLA MODELO POSTER, LP VINIL.<\/p>\n","protected":false},"featured_media":83,"comment_status":"open","ping_status":"closed","template":"","meta":[],"product_cat":[22],"product_tag":[40,33,27,36,39,34],"class_list":{"0":"post-82","1":"product","2":"type-product","3":"status-publish","4":"has-post-thumbnail","6":"product_cat-lp-vinil","7":"product_tag-40","8":"product_tag-classic-rock","9":"product_tag-disco-e-cultura","10":"product_tag-emi","11":"product_tag-odeon","12":"product_tag-queen","14":"first","15":"instock","16":"sale","17":"shipping-taxable","18":"purchasable","19":"product-type-simple"},"_links":{"self":[{"href":"https:\/\/noiteliteral.com.br\/sebo\/wp-json\/wp\/v2\/product\/82","targetHints":{"allow":["GET"]}}],"collection":[{"href":"https:\/\/noiteliteral.com.br\/sebo\/wp-json\/wp\/v2\/product"}],"about":[{"href":"https:\/\/noiteliteral.com.br\/sebo\/wp-json\/wp\/v2\/types\/product"}],"replies":[{"embeddable":true,"href":"https:\/\/noiteliteral.com.br\/sebo\/wp-json\/wp\/v2\/comments?post=82"}],"wp:featuredmedia":[{"embeddable":true,"href":"https:\/\/noiteliteral.com.br\/sebo\/wp-json\/wp\/v2\/media\/83"}],"wp:attachment":[{"href":"https:\/\/noiteliteral.com.br\/sebo\/wp-json\/wp\/v2\/media?parent=82"}],"wp:term":[{"taxonomy":"product_cat","embeddable":true,"href":"https:\/\/noiteliteral.com.br\/sebo\/wp-json\/wp\/v2\/product_cat?post=82"},{"taxonomy":"product_tag","embeddable":true,"href":"https:\/\/noiteliteral.com.br\/sebo\/wp-json\/wp\/v2\/product_tag?post=82"}],"curies":[{"name":"wp","href":"https:\/\/api.w.org\/{rel}","templated":true}]}}