{"id":86,"date":"2018-01-18T11:51:57","date_gmt":"2018-01-18T13:51:57","guid":{"rendered":"https:\/\/noiteliteral.com.br\/loja\/?post_type=product&#038;p=86"},"modified":"2018-01-18T22:43:11","modified_gmt":"2018-01-19T00:43:11","slug":"grimms-fairy-tales-j-l-c-w-c-grimm","status":"publish","type":"product","link":"https:\/\/noiteliteral.com.br\/sebo\/produto\/grimms-fairy-tales-j-l-c-w-c-grimm\/","title":{"rendered":"GRIMM&#8217;S FAIRY TALES &#8211; J.L.C &amp; W.C GRIMM"},"content":{"rendered":"<p>GRIMM&#8217;S FAIRY TALES &#8211; J.L.C &amp; W.C GRIMM, um artigo raro, importado, editado e impresso no Reino Unido. Possui duas capas: uma de papel, com a fun\u00e7\u00e3o de proteger a capa fixa, feita em camur\u00e7a vermelha. As paginas possuem acabamento em dourado. Escrito na l\u00edngua inglesa.<\/p>\n<p>Dimens\u00f5es: 16cm x 10cm x 2cm.<\/p>\n","protected":false},"excerpt":{"rendered":"<p>GRIMM&#8217;S FAIRY TALES &#8211; J.L.C &amp; W.C GRIMM, um artigo raro, importado, editado e impresso no Reino Unido. Possui duas capas: uma de papel, com a fun\u00e7\u00e3o de proteger a capa fixa, feita em camur\u00e7a vermelha. As paginas possuem acabamento em dourado. Escrito na l\u00edngua inglesa.<\/p>\n<p>Dimens\u00f5es: 16cm x 10cm x 2cm.<\/p>\n","protected":false},"featured_media":87,"comment_status":"open","ping_status":"closed","template":"","meta":[],"product_cat":[41],"product_tag":[42,46,43,47,44,45],"class_list":{"0":"post-86","1":"product","2":"type-product","3":"status-publish","4":"has-post-thumbnail","6":"product_cat-livros","7":"product_tag-grimms-fairy-tales","8":"product_tag-irmaos-grimm","9":"product_tag-j-l-c-w-c-grimm","10":"product_tag-literatura-inglesa","11":"product_tag-livro","12":"product_tag-reliquias","14":"first","15":"instock","16":"sale","17":"shipping-taxable","18":"purchasable","19":"product-type-simple"},"_links":{"self":[{"href":"https:\/\/noiteliteral.com.br\/sebo\/wp-json\/wp\/v2\/product\/86","targetHints":{"allow":["GET"]}}],"collection":[{"href":"https:\/\/noiteliteral.com.br\/sebo\/wp-json\/wp\/v2\/product"}],"about":[{"href":"https:\/\/noiteliteral.com.br\/sebo\/wp-json\/wp\/v2\/types\/product"}],"replies":[{"embeddable":true,"href":"https:\/\/noiteliteral.com.br\/sebo\/wp-json\/wp\/v2\/comments?post=86"}],"wp:featuredmedia":[{"embeddable":true,"href":"https:\/\/noiteliteral.com.br\/sebo\/wp-json\/wp\/v2\/media\/87"}],"wp:attachment":[{"href":"https:\/\/noiteliteral.com.br\/sebo\/wp-json\/wp\/v2\/media?parent=86"}],"wp:term":[{"taxonomy":"product_cat","embeddable":true,"href":"https:\/\/noiteliteral.com.br\/sebo\/wp-json\/wp\/v2\/product_cat?post=86"},{"taxonomy":"product_tag","embeddable":true,"href":"https:\/\/noiteliteral.com.br\/sebo\/wp-json\/wp\/v2\/product_tag?post=86"}],"curies":[{"name":"wp","href":"https:\/\/api.w.org\/{rel}","templated":true}]}}